{"id":2712,"date":"2021-07-29T23:45:03","date_gmt":"2021-07-29T23:45:03","guid":{"rendered":"https:\/\/www.hardcloud.com.br\/?page_id=2712"},"modified":"2022-03-02T20:43:29","modified_gmt":"2022-03-02T20:43:29","slug":"politica-de-privacidade","status":"publish","type":"page","link":"https:\/\/www.hardcloud.com.br\/?page_id=2712","title":{"rendered":"Pol\u00edtica de Privacidade"},"content":{"rendered":"\t\t<div data-elementor-type=\"wp-page\" data-elementor-id=\"2712\" class=\"elementor elementor-2712\">\n\t\t\t\t\t\t<section class=\"elementor-section elementor-top-section elementor-element elementor-element-a1a34a8 elementor-section-boxed elementor-section-height-default elementor-section-height-default\" data-id=\"a1a34a8\" data-element_type=\"section\" data-e-type=\"section\">\n\t\t\t\t\t\t<div class=\"elementor-container elementor-column-gap-default\">\n\t\t\t\t\t<div class=\"elementor-column elementor-col-100 elementor-top-column elementor-element elementor-element-59722eb\" data-id=\"59722eb\" data-element_type=\"column\" data-e-type=\"column\">\n\t\t\t<div class=\"elementor-widget-wrap elementor-element-populated\">\n\t\t\t\t\t\t<div class=\"elementor-element elementor-element-6e1e9b2 elementor-widget elementor-widget-heading\" data-id=\"6e1e9b2\" data-element_type=\"widget\" data-e-type=\"widget\" data-widget_type=\"heading.default\">\n\t\t\t\t<div class=\"elementor-widget-container\">\n\t\t\t\t\t<h2 class=\"elementor-heading-title elementor-size-default\">POL\u00cdTICA DE PRIVACIDADE<\/h2>\t\t\t\t<\/div>\n\t\t\t\t<\/div>\n\t\t\t\t\t<\/div>\n\t\t<\/div>\n\t\t\t\t\t<\/div>\n\t\t<\/section>\n\t\t\t\t<section class=\"elementor-section elementor-top-section elementor-element elementor-element-10bcfd25 elementor-section-boxed elementor-section-height-default elementor-section-height-default\" data-id=\"10bcfd25\" data-element_type=\"section\" data-e-type=\"section\">\n\t\t\t\t\t\t<div class=\"elementor-container elementor-column-gap-default\">\n\t\t\t\t\t<div class=\"elementor-column elementor-col-100 elementor-top-column elementor-element elementor-element-2ca3964d\" data-id=\"2ca3964d\" data-element_type=\"column\" data-e-type=\"column\">\n\t\t\t<div class=\"elementor-widget-wrap elementor-element-populated\">\n\t\t\t\t\t\t<div class=\"elementor-element elementor-element-6770eb5 elementor-widget elementor-widget-text-editor\" data-id=\"6770eb5\" data-element_type=\"widget\" data-e-type=\"widget\" data-widget_type=\"text-editor.default\">\n\t\t\t\t<div class=\"elementor-widget-container\">\n\t\t\t\t\t\t\t\t\t\n<p><strong><b>Pol\u00edtica de Privacidade<\/b><\/strong> <strong><b>V.01<\/b><\/strong><\/p>\n<p>Esta Pol\u00edtica reflete o compromisso da HardCloud em garantir a privacidade, a prote\u00e7\u00e3o de dados pessoais e a seguran\u00e7a da informa\u00e7\u00e3o dos nossos clientes. \u00c9 por meio dela que buscamos demonstrar, de maneira simples e transparente, a forma pela qual cuidamos das suas informa\u00e7\u00f5es. Aqui na HardCloud integridade gera valor!\u00a0<\/p>\n<p>\u00a0<\/p>\n<p>Com esta pol\u00edtica, regulamos a maneira pela qual os dados pessoais ser\u00e3o obtidos, bem como quando os mesmos poder\u00e3o ser utilizados.\u00a0<\/p>\n<p>\u00a0<\/p>\n<p>Importante destacar que esta Pol\u00edtica poder\u00e1 ser atualizada, a qualquer tempo pela HardCloud, mediante aviso no site.<\/p>\n<p>\u00a0<\/p>\n<table>\n<tbody>\n<tr>\n<td colspan=\"2\" width=\"632\">\n<p><strong><b>AGENTE DE TRATAMENTO<\/b><\/strong><\/p>\n<\/td>\n<\/tr>\n<tr>\n<td colspan=\"2\" width=\"632\">\n<p><strong><b>HARDCLOUD TECNOLOGIA<\/b><\/strong><\/p>\n<p><strong><b>CNPJ: 23.388.925\/0001-57<\/b><\/strong><\/p>\n<p><strong><b>Av. Nova Cantareira, 1413, Conj. 42 \u00a0&#8211; \u00a0Bairro: Tucuruvi<\/b><\/strong><\/p>\n<p><strong><b>CEP: 02331-002 &#8211; S\u00e3o Paulo \u2013 SP<\/b><\/strong><\/p>\n<p><strong><b>\u00a0<\/b><\/strong><\/p>\n<\/td>\n<\/tr>\n<tr>\n<td width=\"149\">\n<p><strong><em><b><i>Papel no tratamento<\/i><\/b><\/em><\/strong><\/p>\n<\/td>\n<td width=\"483\">\n<p><strong><em><b><i>Controlador<\/i><\/b><\/em><\/strong><\/p>\n<\/td>\n<\/tr>\n<tr>\n<td width=\"149\">\n<p><strong><em><b><i>Natureza dos dados<\/i><\/b><\/em><\/strong><\/p>\n<\/td>\n<td width=\"483\">\n<p><strong><em><b><i>Dados pessoais fornecidos pelo titular <\/i><\/b><\/em><\/strong><\/p>\n<\/td>\n<\/tr>\n<tr>\n<td width=\"149\">\n<p><strong><em><b><i>Prote\u00e7\u00e3o de dados<\/i><\/b><\/em><\/strong><\/p>\n<\/td>\n<td width=\"483\">\n<p><strong><em><b><i>Medidas organizacionais e t\u00e9cnicas adequadas<\/i><\/b><\/em><\/strong><\/p>\n<\/td>\n<\/tr>\n<tr>\n<td width=\"149\">\n<p><strong><em><b><i>Seus direitos<\/i><\/b><\/em><\/strong><\/p>\n<\/td>\n<td width=\"483\">\n<p><a href=\"https:\/\/www.hardcloud.com.br\/direito-dos-titulares\">https:\/\/www.hardcloud.com.br\/direito-dos-titulares<\/a>\u00a0<\/p>\n<\/td>\n<\/tr>\n<tr>\n<td width=\"149\">\n<p><strong><em><b><i>Reten\u00e7\u00e3o<\/i><\/b><\/em><\/strong><\/p>\n<\/td>\n<td width=\"483\">\n<p>\u00a0<\/p>\n<p>Os dados pessoais eventualmente armazenados pela HardCloud, atrav\u00e9s do site institucional, permanecer\u00e3o retidos por um prazo, que poder\u00e1 variar de acordo com a finalidade do tratamento dos dados pessoais e a base legal utilizada. Realizaremos uma revis\u00e3o peri\u00f3dica, a cada 6 meses, na nossa base de dados, para saber se as informa\u00e7\u00f5es registradas ainda s\u00e3o necess\u00e1rias, para o alcance da finalidade, inicialmente, pretendida. Ap\u00f3s esse prazo eliminamos os dados pessoais da nossa base de dados, salvo legisla\u00e7\u00e3o aplic\u00e1vel que permita especificamente o tratamento dos dados pessoais<\/p>\n<p>\u00a0<\/p>\n<p><strong><b>\u00a0<\/b><\/strong><\/p>\n<\/td>\n<\/tr>\n<tr>\n<td width=\"149\">\n<p><strong><em><b><i>Contato DPO<\/i><\/b><\/em><\/strong><\/p>\n<\/td>\n<td width=\"483\">\n<p><a href=\"mailto:dpo@hardcloud.com.br\">dpo@hardcloud.com.br<\/a>\u00a0\u2013 Marcio Alisson Castilheiro<\/p>\n<\/td>\n<\/tr>\n<\/tbody>\n<\/table>\n<p>\u00a0<\/p>\n<p><strong><b>COLETA E TRATAMENTO DE DADOS PESSOAIS:<\/b><\/strong><\/p>\n<table>\n<tbody>\n<tr>\n<td width=\"149\">\n<p><strong><b>\u00a0<\/b><\/strong><\/p>\n<p><strong><b>\u00a0<\/b><\/strong><\/p>\n<\/td>\n<td colspan=\"2\" width=\"483\">\n<p>\u00a0<\/p>\n<\/td>\n<\/tr>\n<tr>\n<td width=\"149\">\n<p><strong><em><b><i>Item<\/i><\/b><\/em><\/strong><\/p>\n<\/td>\n<td colspan=\"2\" width=\"483\">\n<p><strong><em><b><i>001<\/i><\/b><\/em><\/strong><\/p>\n<\/td>\n<\/tr>\n<tr>\n<td width=\"149\">\n<p><strong><em><b><i>Formul\u00e1rio 1<\/i><\/b><\/em><\/strong><\/p>\n<\/td>\n<td colspan=\"2\" width=\"483\">\n<p><strong><em><b><i>Contato Email<\/i><\/b><\/em><\/strong><\/p>\n<\/td>\n<\/tr>\n<tr>\n<td width=\"149\">\n<p><strong><em><b><i>Coleta<\/i><\/b><\/em><\/strong><\/p>\n<\/td>\n<td colspan=\"2\" width=\"483\">\n<p><strong><b>NOME, TELEFONE, EMAIL<\/b><\/strong><\/p>\n<\/td>\n<\/tr>\n<tr>\n<td width=\"149\">\n<p><strong><em><b><i>Finalidade<\/i><\/b><\/em><\/strong><\/p>\n<\/td>\n<td colspan=\"2\" width=\"483\">\n<p><strong><em><b><i>Atendimento ao Cliente<\/i><\/b><\/em><\/strong><\/p>\n<\/td>\n<\/tr>\n<tr>\n<td width=\"149\">\n<p><strong><em><b><i>Tratamento<\/i><\/b><\/em><\/strong><\/p>\n<\/td>\n<td colspan=\"2\" width=\"483\">\n<p><strong><em><b><i>Uso e exclus\u00e3o imediata<\/i><\/b><\/em><\/strong><\/p>\n<\/td>\n<\/tr>\n<tr>\n<td width=\"149\">\n<p><strong><em><b><i>Base Legal<\/i><\/b><\/em><\/strong><\/p>\n<\/td>\n<td colspan=\"2\" width=\"483\">\n<p><strong><b>Legitimo interesse<\/b><\/strong><\/p>\n<\/td>\n<\/tr>\n<tr>\n<td width=\"149\">\n<p><strong><em><b><i>Compartilhamento<\/i><\/b><\/em><\/strong><\/p>\n<\/td>\n<td colspan=\"2\" width=\"483\">\n<p><strong><b>N\u00e3o existe compartilhamento<\/b><\/strong><strong><b>\u00a0de dados pessoais<\/b><\/strong><\/p>\n<\/td>\n<\/tr>\n<tr>\n<td width=\"149\">\n<p><strong><b>\u00a0<\/b><\/strong><\/p>\n<\/td>\n<td width=\"294\">\n<p><strong><b>\u00a0<\/b><\/strong><\/p>\n<\/td>\n<td width=\"188\">\u00a0<\/td>\n<\/tr>\n<tr>\n<td width=\"149\">\n<p><strong><em><b><i>Item<\/i><\/b><\/em><\/strong><\/p>\n<\/td>\n<td colspan=\"2\" width=\"483\">\n<p><strong><em><b><i>002<\/i><\/b><\/em><\/strong><\/p>\n<\/td>\n<\/tr>\n<tr>\n<td width=\"149\">\n<p><strong><em><b><i>Formul\u00e1rio 2<\/i><\/b><\/em><\/strong><\/p>\n<\/td>\n<td colspan=\"2\" width=\"483\">\n<p><strong><em><b><i>Contato Whatsapp<\/i><\/b><\/em><\/strong><\/p>\n<\/td>\n<\/tr>\n<tr>\n<td width=\"149\">\n<p><strong><em><b><i>Coleta<\/i><\/b><\/em><\/strong><\/p>\n<\/td>\n<td colspan=\"2\" width=\"483\">\n<p><strong><b>TELEFONE<\/b><\/strong><\/p>\n<\/td>\n<\/tr>\n<tr>\n<td width=\"149\">\n<p><strong><em><b><i>Finalidade<\/i><\/b><\/em><\/strong><\/p>\n<\/td>\n<td colspan=\"2\" width=\"483\">\n<p><strong><em><b><i>Atendimento ao Cliente<\/i><\/b><\/em><\/strong><\/p>\n<\/td>\n<\/tr>\n<tr>\n<td width=\"149\">\n<p><strong><em><b><i>Tratamento<\/i><\/b><\/em><\/strong><\/p>\n<\/td>\n<td colspan=\"2\" width=\"483\">\n<p><strong><em><b><i>Uso e exclus\u00e3o imediata<\/i><\/b><\/em><\/strong><\/p>\n<\/td>\n<\/tr>\n<tr>\n<td width=\"149\">\n<p><strong><em><b><i>Base Legal<\/i><\/b><\/em><\/strong><\/p>\n<\/td>\n<td colspan=\"2\" width=\"483\">\n<p><strong><b>Legitimo interesse<\/b><\/strong><\/p>\n<\/td>\n<\/tr>\n<tr>\n<td width=\"149\">\n<p><strong><em><b><i>Compartilhamento<\/i><\/b><\/em><\/strong><\/p>\n<\/td>\n<td colspan=\"2\" width=\"483\">\n<p><strong><b>N\u00e3o existe compartilhamento<\/b><\/strong><strong><b>\u00a0de dados pessoais<\/b><\/strong><\/p>\n<\/td>\n<\/tr>\n<\/tbody>\n<\/table>\n<p>\u00a0<\/p>\n<p><strong><b>COMO S\u00c3O UTILIZADOS OS DADOS PESSOAIS<\/b><\/strong><\/p>\n<p>Os dados pessoais coletados s\u00e3o utilizados para fins de atendimento ao cliente e viabilizar a presta\u00e7\u00e3o de servi\u00e7o junto a HardCloud, fundamentados de acordo com a respectiva base legal, sem prejudicar os seus interesses, direitos e liberdades fundamentais.<\/p>\n<p>Bases legais para tratamento: Lei Geral de Prote\u00e7\u00e3o de Dados &#8211; LGPD, n\u00ba. 13.709\/2018, artigo 7\u00ba., inciso IX.<\/p>\n<p>Os dados pessoais ser\u00e3o eliminados ap\u00f3s o atendimento.<\/p>\n<p><strong><b>DIREITOS DE TITULAR<\/b><\/strong><\/p>\n<p><em><i>Consulte <\/i><\/em><a href=\"https:\/\/www.hardcloud.com.br\/direito-dos-titulares\"><strong><em><u><b><i>https:\/\/www.hardcloud.com.br\/direito-dos-titulares<\/i><\/b><\/u><\/em><\/strong><\/a><\/p>\n<p><em><i>\u00a0<\/i><\/em><\/p>\n<p><strong><b>COMO ENTRAR EM CONTATO COM O ENCARREGADO DE DADOS (DPO) DA HARDCLOUD<\/b><\/strong><\/p>\n<p>Voc\u00ea pode entrar em contato com o nosso Encarregado de dados (DPO) pelo e-mail: <a href=\"mailto:dpo@hardcloud.com.br\"><u>dpo@hardcloud.com.br<\/u><\/a>\u00a0<\/p>\n<p>Esse canal de comunica\u00e7\u00e3o \u00e9 exclusivo para:<\/p>\n<ul>\n<li>sanar quaisquer d\u00favidas sobre esta Pol\u00edtica de Privacidade;<\/li>\n<li>apresentar uma reclama\u00e7\u00e3o sobre poss\u00edvel viola\u00e7\u00e3o das leis de prote\u00e7\u00e3o de dados; e,<\/li>\n<li>para atendimento de solicita\u00e7\u00f5es relacionadas aos seus direitos, conforme listado no item \u201cDIREITOS DO TITULAR\u201d, desta Pol\u00edtica.<\/li>\n<\/ul>\n<p><strong><b>LEGISLA\u00c7\u00c3O E FORO<\/b><\/strong><\/p>\n<p>Esta Pol\u00edtica ser\u00e1 regida, interpretada e executada de acordo com as Leis da Rep\u00fablica Federativa do Brasil, especialmente a Lei n\u00ba 13.709\/2018, independentemente das Leis de outros estados ou Pa\u00edses, sendo competente o foro de domic\u00edlio do titular para dirimir qualquer d\u00favida decorrente deste documento.<\/p>\n<p>\u00a0<\/p>\n<p>Data da publica\u00e7\u00e3o 27\/JUL\/2021<\/p>\n<p>\u00a0<\/p>\n\t\t\t\t\t\t\t\t<\/div>\n\t\t\t\t<\/div>\n\t\t\t\t\t<\/div>\n\t\t<\/div>\n\t\t\t\t\t<\/div>\n\t\t<\/section>\n\t\t\t\t<\/div>\n\t\t","protected":false},"excerpt":{"rendered":"<p>POL\u00cdTICA DE PRIVACIDADE Pol\u00edtica de Privacidade V.01 Esta Pol\u00edtica reflete o compromisso da HardCloud em garantir a privacidade, a prote\u00e7\u00e3o de dados pessoais e a seguran\u00e7a da informa\u00e7\u00e3o dos nossos clientes. \u00c9 por meio dela que buscamos demonstrar, de maneira simples e transparente, a forma pela qual cuidamos das suas informa\u00e7\u00f5es. Aqui na HardCloud integridade [&hellip;]<\/p>\n","protected":false},"author":1,"featured_media":0,"parent":0,"menu_order":0,"comment_status":"closed","ping_status":"closed","template":"elementor_header_footer","meta":{"_monsterinsights_skip_tracking":false,"_monsterinsights_sitenote_active":false,"_monsterinsights_sitenote_note":"","_monsterinsights_sitenote_category":0,"site-sidebar-layout":"default","site-content-layout":"default","ast-site-content-layout":"default","site-content-style":"default","site-sidebar-style":"default","ast-global-header-display":"","ast-banner-title-visibility":"","ast-main-header-display":"","ast-hfb-above-header-display":"","ast-hfb-below-header-display":"","ast-hfb-mobile-header-display":"","site-post-title":"","ast-breadcrumbs-content":"","ast-featured-img":"","footer-sml-layout":"","ast-disable-related-posts":"","theme-transparent-header-meta":"default","adv-header-id-meta":"","stick-header-meta":"","header-above-stick-meta":"","header-main-stick-meta":"","header-below-stick-meta":"","astra-migrate-meta-layouts":"default","ast-page-background-enabled":"default","ast-page-background-meta":{"desktop":{"background-color":"","background-image":"","background-repeat":"repeat","background-position":"center center","background-size":"auto","background-attachment":"scroll","background-type":"","background-media":"","overlay-type":"","overlay-color":"","overlay-opacity":"","overlay-gradient":""},"tablet":{"background-color":"","background-image":"","background-repeat":"repeat","background-position":"center center","background-size":"auto","background-attachment":"scroll","background-type":"","background-media":"","overlay-type":"","overlay-color":"","overlay-opacity":"","overlay-gradient":""},"mobile":{"background-color":"","background-image":"","background-repeat":"repeat","background-position":"center center","background-size":"auto","background-attachment":"scroll","background-type":"","background-media":"","overlay-type":"","overlay-color":"","overlay-opacity":"","overlay-gradient":""}},"ast-content-background-meta":{"desktop":{"background-color":"var(--ast-global-color-5)","background-image":"","background-repeat":"repeat","background-position":"center center","background-size":"auto","background-attachment":"scroll","background-type":"","background-media":"","overlay-type":"","overlay-color":"","overlay-opacity":"","overlay-gradient":""},"tablet":{"background-color":"var(--ast-global-color-5)","background-image":"","background-repeat":"repeat","background-position":"center center","background-size":"auto","background-attachment":"scroll","background-type":"","background-media":"","overlay-type":"","overlay-color":"","overlay-opacity":"","overlay-gradient":""},"mobile":{"background-color":"var(--ast-global-color-5)","background-image":"","background-repeat":"repeat","background-position":"center center","background-size":"auto","background-attachment":"scroll","background-type":"","background-media":"","overlay-type":"","overlay-color":"","overlay-opacity":"","overlay-gradient":""}},"footnotes":""},"class_list":["post-2712","page","type-page","status-publish","hentry"],"_links":{"self":[{"href":"https:\/\/www.hardcloud.com.br\/index.php?rest_route=\/wp\/v2\/pages\/2712","targetHints":{"allow":["GET"]}}],"collection":[{"href":"https:\/\/www.hardcloud.com.br\/index.php?rest_route=\/wp\/v2\/pages"}],"about":[{"href":"https:\/\/www.hardcloud.com.br\/index.php?rest_route=\/wp\/v2\/types\/page"}],"author":[{"embeddable":true,"href":"https:\/\/www.hardcloud.com.br\/index.php?rest_route=\/wp\/v2\/users\/1"}],"replies":[{"embeddable":true,"href":"https:\/\/www.hardcloud.com.br\/index.php?rest_route=%2Fwp%2Fv2%2Fcomments&post=2712"}],"version-history":[{"count":19,"href":"https:\/\/www.hardcloud.com.br\/index.php?rest_route=\/wp\/v2\/pages\/2712\/revisions"}],"predecessor-version":[{"id":2802,"href":"https:\/\/www.hardcloud.com.br\/index.php?rest_route=\/wp\/v2\/pages\/2712\/revisions\/2802"}],"wp:attachment":[{"href":"https:\/\/www.hardcloud.com.br\/index.php?rest_route=%2Fwp%2Fv2%2Fmedia&parent=2712"}],"curies":[{"name":"wp","href":"https:\/\/api.w.org\/{rel}","templated":true}]}}