{"id":2726,"date":"2021-07-30T00:15:01","date_gmt":"2021-07-30T00:15:01","guid":{"rendered":"https:\/\/www.hardcloud.com.br\/?page_id=2726"},"modified":"2022-03-02T20:43:25","modified_gmt":"2022-03-02T20:43:25","slug":"direito-dos-titulares","status":"publish","type":"page","link":"https:\/\/www.hardcloud.com.br\/?page_id=2726","title":{"rendered":"Pol\u00edtica de Direito dos Titulares"},"content":{"rendered":"\t\t<div data-elementor-type=\"wp-page\" data-elementor-id=\"2726\" class=\"elementor elementor-2726\">\n\t\t\t\t\t\t<section class=\"elementor-section elementor-top-section elementor-element elementor-element-a1a34a8 elementor-section-boxed elementor-section-height-default elementor-section-height-default\" data-id=\"a1a34a8\" data-element_type=\"section\" data-e-type=\"section\">\n\t\t\t\t\t\t<div class=\"elementor-container elementor-column-gap-default\">\n\t\t\t\t\t<div class=\"elementor-column elementor-col-100 elementor-top-column elementor-element elementor-element-59722eb\" data-id=\"59722eb\" data-element_type=\"column\" data-e-type=\"column\">\n\t\t\t<div class=\"elementor-widget-wrap elementor-element-populated\">\n\t\t\t\t\t\t<div class=\"elementor-element elementor-element-6e1e9b2 elementor-widget elementor-widget-heading\" data-id=\"6e1e9b2\" data-element_type=\"widget\" data-e-type=\"widget\" data-widget_type=\"heading.default\">\n\t\t\t\t<div class=\"elementor-widget-container\">\n\t\t\t\t\t<h2 class=\"elementor-heading-title elementor-size-default\">POL\u00cdTICA DE DIREITO DOS TITULARES<\/h2>\t\t\t\t<\/div>\n\t\t\t\t<\/div>\n\t\t\t\t\t<\/div>\n\t\t<\/div>\n\t\t\t\t\t<\/div>\n\t\t<\/section>\n\t\t\t\t<section class=\"elementor-section elementor-top-section elementor-element elementor-element-10bcfd25 elementor-section-boxed elementor-section-height-default elementor-section-height-default\" data-id=\"10bcfd25\" data-element_type=\"section\" data-e-type=\"section\">\n\t\t\t\t\t\t<div class=\"elementor-container elementor-column-gap-default\">\n\t\t\t\t\t<div class=\"elementor-column elementor-col-100 elementor-top-column elementor-element elementor-element-2ca3964d\" data-id=\"2ca3964d\" data-element_type=\"column\" data-e-type=\"column\">\n\t\t\t<div class=\"elementor-widget-wrap elementor-element-populated\">\n\t\t\t\t\t\t<div class=\"elementor-element elementor-element-6770eb5 elementor-widget elementor-widget-text-editor\" data-id=\"6770eb5\" data-element_type=\"widget\" data-e-type=\"widget\" data-widget_type=\"text-editor.default\">\n\t\t\t\t<div class=\"elementor-widget-container\">\n\t\t\t\t\t\t\t\t\t\n<p><strong><b>Direitos dos Titulares<\/b><\/strong><\/p>\n<p>\u00a0<\/p>\n<p>Em cumprimento \u00e0 Lei Geral de Prote\u00e7\u00e3o de Dados Pessoais \u2013 Lei n. 13.709, de 14 de agosto de 2018, a qual diz respeito ao tratamento de dados pessoais, todos t\u00eam direito a obter da HardCloud Tecnologia, a qualquer momento, sem o pagamento de qualquer taxa e mediante simples requisi\u00e7\u00e3o, informa\u00e7\u00f5es acerca do tratamento de seus dados pessoais, especialmente, no que diz respeito ao acesso aos seus dados e ainda:<\/p>\n<ul>\n<li>confirma\u00e7\u00e3o da exist\u00eancia de tratamento de seus dados pessoais;<\/li>\n<li>corre\u00e7\u00e3o de dados pessoais que estejam incompletos, inexatos ou desatualizados;<\/li>\n<li>anonimiza\u00e7\u00e3o, bloqueio ou elimina\u00e7\u00e3o de dados tratados em desconformidade, sejam eles desnecess\u00e1rios ou excessivos (de acordo com a justificativa de uso em vigor);<\/li>\n<li>portabilidade de seus dados a outro fornecedor de servi\u00e7o ou produto, mediante requisi\u00e7\u00e3o expressa pelo titular;<\/li>\n<li>elimina\u00e7\u00e3o dos dados tratados com consentimento do titular;<\/li>\n<li>a obten\u00e7\u00e3o de informa\u00e7\u00f5es sobre as entidades p\u00fablicas ou privadas com as quais a Assist\u00eancia Cidad\u00e3o compartilhou seus dados<\/li>\n<\/ul>\n<p>Estes direitos poder\u00e3o ser exercidos diretamente pelo titular.<\/p>\n<p>A HardCloud empreender\u00e1 esfor\u00e7os para atender tais solicita\u00e7\u00f5es no menor tempo poss\u00edvel, sempre observando a legisla\u00e7\u00e3o aplic\u00e1vel ou de regulamenta\u00e7\u00e3o por parte da autoridade nacional.<\/p>\n<p><strong><b>\u00a0<\/b><\/strong><\/p>\n<p><strong><b>Como entrar em contato com a HardCloud<\/b><\/strong><\/p>\n<p>Voc\u00ea pode entrar em contato com a nossa equipe em caso de d\u00favidas e\/ou para exercer os seus direitos, atrav\u00e9s do e-mail: <a href=\"mailto:titulares@hardcloud.com.br\"><u>titulares@hardcloud.com.br<\/u><\/a><\/p>\n\t\t\t\t\t\t\t\t<\/div>\n\t\t\t\t<\/div>\n\t\t\t\t\t<\/div>\n\t\t<\/div>\n\t\t\t\t\t<\/div>\n\t\t<\/section>\n\t\t\t\t<\/div>\n\t\t","protected":false},"excerpt":{"rendered":"<p>POL\u00cdTICA DE DIREITO DOS TITULARES Direitos dos Titulares \u00a0 Em cumprimento \u00e0 Lei Geral de Prote\u00e7\u00e3o de Dados Pessoais \u2013 Lei n. 13.709, de 14 de agosto de 2018, a qual diz respeito ao tratamento de dados pessoais, todos t\u00eam direito a obter da HardCloud Tecnologia, a qualquer momento, sem o pagamento de qualquer taxa [&hellip;]<\/p>\n","protected":false},"author":1,"featured_media":0,"parent":0,"menu_order":0,"comment_status":"closed","ping_status":"closed","template":"elementor_header_footer","meta":{"_monsterinsights_skip_tracking":false,"_monsterinsights_sitenote_active":false,"_monsterinsights_sitenote_note":"","_monsterinsights_sitenote_category":0,"site-sidebar-layout":"default","site-content-layout":"default","ast-site-content-layout":"default","site-content-style":"default","site-sidebar-style":"default","ast-global-header-display":"","ast-banner-title-visibility":"","ast-main-header-display":"","ast-hfb-above-header-display":"","ast-hfb-below-header-display":"","ast-hfb-mobile-header-display":"","site-post-title":"","ast-breadcrumbs-content":"","ast-featured-img":"","footer-sml-layout":"","ast-disable-related-posts":"","theme-transparent-header-meta":"default","adv-header-id-meta":"","stick-header-meta":"","header-above-stick-meta":"","header-main-stick-meta":"","header-below-stick-meta":"","astra-migrate-meta-layouts":"default","ast-page-background-enabled":"default","ast-page-background-meta":{"desktop":{"background-color":"","background-image":"","background-repeat":"repeat","background-position":"center center","background-size":"auto","background-attachment":"scroll","background-type":"","background-media":"","overlay-type":"","overlay-color":"","overlay-opacity":"","overlay-gradient":""},"tablet":{"background-color":"","background-image":"","background-repeat":"repeat","background-position":"center center","background-size":"auto","background-attachment":"scroll","background-type":"","background-media":"","overlay-type":"","overlay-color":"","overlay-opacity":"","overlay-gradient":""},"mobile":{"background-color":"","background-image":"","background-repeat":"repeat","background-position":"center center","background-size":"auto","background-attachment":"scroll","background-type":"","background-media":"","overlay-type":"","overlay-color":"","overlay-opacity":"","overlay-gradient":""}},"ast-content-background-meta":{"desktop":{"background-color":"var(--ast-global-color-5)","background-image":"","background-repeat":"repeat","background-position":"center center","background-size":"auto","background-attachment":"scroll","background-type":"","background-media":"","overlay-type":"","overlay-color":"","overlay-opacity":"","overlay-gradient":""},"tablet":{"background-color":"var(--ast-global-color-5)","background-image":"","background-repeat":"repeat","background-position":"center center","background-size":"auto","background-attachment":"scroll","background-type":"","background-media":"","overlay-type":"","overlay-color":"","overlay-opacity":"","overlay-gradient":""},"mobile":{"background-color":"var(--ast-global-color-5)","background-image":"","background-repeat":"repeat","background-position":"center center","background-size":"auto","background-attachment":"scroll","background-type":"","background-media":"","overlay-type":"","overlay-color":"","overlay-opacity":"","overlay-gradient":""}},"footnotes":""},"class_list":["post-2726","page","type-page","status-publish","hentry"],"_links":{"self":[{"href":"https:\/\/www.hardcloud.com.br\/index.php?rest_route=\/wp\/v2\/pages\/2726","targetHints":{"allow":["GET"]}}],"collection":[{"href":"https:\/\/www.hardcloud.com.br\/index.php?rest_route=\/wp\/v2\/pages"}],"about":[{"href":"https:\/\/www.hardcloud.com.br\/index.php?rest_route=\/wp\/v2\/types\/page"}],"author":[{"embeddable":true,"href":"https:\/\/www.hardcloud.com.br\/index.php?rest_route=\/wp\/v2\/users\/1"}],"replies":[{"embeddable":true,"href":"https:\/\/www.hardcloud.com.br\/index.php?rest_route=%2Fwp%2Fv2%2Fcomments&post=2726"}],"version-history":[{"count":23,"href":"https:\/\/www.hardcloud.com.br\/index.php?rest_route=\/wp\/v2\/pages\/2726\/revisions"}],"predecessor-version":[{"id":2878,"href":"https:\/\/www.hardcloud.com.br\/index.php?rest_route=\/wp\/v2\/pages\/2726\/revisions\/2878"}],"wp:attachment":[{"href":"https:\/\/www.hardcloud.com.br\/index.php?rest_route=%2Fwp%2Fv2%2Fmedia&parent=2726"}],"curies":[{"name":"wp","href":"https:\/\/api.w.org\/{rel}","templated":true}]}}